{"id":2381,"date":"2014-09-04T00:18:55","date_gmt":"2014-09-04T03:18:55","guid":{"rendered":"http:\/\/www.bucoskielopes.com.br\/?page_id=2381"},"modified":"2014-09-04T00:18:55","modified_gmt":"2014-09-04T03:18:55","slug":"areas-de-atuacao","status":"publish","type":"page","link":"http:\/\/www.bucoskielopes.com.br\/?page_id=2381","title":{"rendered":"\u00c1REAS DE ATUA\u00c7\u00c3O"},"content":{"rendered":"","protected":false},"excerpt":{"rendered":"","protected":false},"author":1,"featured_media":0,"parent":0,"menu_order":0,"comment_status":"closed","ping_status":"open","template":"","meta":[],"_links":{"self":[{"href":"http:\/\/www.bucoskielopes.com.br\/index.php?rest_route=\/wp\/v2\/pages\/2381"}],"collection":[{"href":"http:\/\/www.bucoskielopes.com.br\/index.php?rest_route=\/wp\/v2\/pages"}],"about":[{"href":"http:\/\/www.bucoskielopes.com.br\/index.php?rest_route=\/wp\/v2\/types\/page"}],"author":[{"embeddable":true,"href":"http:\/\/www.bucoskielopes.com.br\/index.php?rest_route=\/wp\/v2\/users\/1"}],"replies":[{"embeddable":true,"href":"http:\/\/www.bucoskielopes.com.br\/index.php?rest_route=%2Fwp%2Fv2%2Fcomments&post=2381"}],"version-history":[{"count":1,"href":"http:\/\/www.bucoskielopes.com.br\/index.php?rest_route=\/wp\/v2\/pages\/2381\/revisions"}],"predecessor-version":[{"id":2382,"href":"http:\/\/www.bucoskielopes.com.br\/index.php?rest_route=\/wp\/v2\/pages\/2381\/revisions\/2382"}],"wp:attachment":[{"href":"http:\/\/www.bucoskielopes.com.br\/index.php?rest_route=%2Fwp%2Fv2%2Fmedia&parent=2381"}],"curies":[{"name":"wp","href":"https:\/\/api.w.org\/{rel}","templated":true}]}}