{"id":2898,"date":"2021-05-12T15:36:16","date_gmt":"2021-05-12T18:36:16","guid":{"rendered":"http:\/\/www.bucoskielopes.com.br\/?page_id=2898"},"modified":"2021-05-24T15:42:47","modified_gmt":"2021-05-24T18:42:47","slug":"direito-societario-1","status":"publish","type":"page","link":"http:\/\/www.bucoskielopes.com.br\/?page_id=2898","title":{"rendered":"DIREITO SOCIET\u00c1RIO 1"},"content":{"rendered":"\t\t<div data-elementor-type=\"wp-page\" data-elementor-id=\"2898\" class=\"elementor elementor-2898\" data-elementor-settings=\"[]\">\n\t\t\t\t\t\t\t<div class=\"elementor-section-wrap\">\n\t\t\t\t\t\t\t<section class=\"elementor-section elementor-top-section elementor-element elementor-element-34c03ca elementor-hidden-phone elementor-section-boxed elementor-section-height-default elementor-section-height-default\" data-id=\"34c03ca\" data-element_type=\"section\" data-settings=\"{&quot;background_background&quot;:&quot;classic&quot;}\">\n\t\t\t\t\t\t<div class=\"elementor-container elementor-column-gap-default\">\n\t\t\t\t\t<div class=\"elementor-column elementor-col-100 elementor-top-column elementor-element elementor-element-f166a09\" data-id=\"f166a09\" data-element_type=\"column\">\n\t\t\t<div class=\"elementor-widget-wrap elementor-element-populated\">\n\t\t\t\t\t\t\t\t<div class=\"elementor-element elementor-element-02dca9d elementor-widget elementor-widget-spacer\" data-id=\"02dca9d\" data-element_type=\"widget\" data-widget_type=\"spacer.default\">\n\t\t\t\t<div class=\"elementor-widget-container\">\n\t\t\t\t\t<div class=\"elementor-spacer\">\n\t\t\t<div class=\"elementor-spacer-inner\"><\/div>\n\t\t<\/div>\n\t\t\t\t<\/div>\n\t\t\t\t<\/div>\n\t\t\t\t\t<\/div>\n\t\t<\/div>\n\t\t\t\t\t\t\t<\/div>\n\t\t<\/section>\n\t\t\t\t<section class=\"elementor-section elementor-top-section elementor-element elementor-element-887fd74 elementor-hidden-phone elementor-section-boxed elementor-section-height-default elementor-section-height-default\" data-id=\"887fd74\" data-element_type=\"section\">\n\t\t\t\t\t\t<div class=\"elementor-container elementor-column-gap-default\">\n\t\t\t\t\t<div class=\"elementor-column elementor-col-50 elementor-top-column elementor-element elementor-element-30ecd9d\" data-id=\"30ecd9d\" data-element_type=\"column\">\n\t\t\t<div class=\"elementor-widget-wrap elementor-element-populated\">\n\t\t\t\t\t\t\t\t<div class=\"elementor-element elementor-element-01463f0 elementor-widget elementor-widget-spacer\" data-id=\"01463f0\" data-element_type=\"widget\" data-widget_type=\"spacer.default\">\n\t\t\t\t<div class=\"elementor-widget-container\">\n\t\t\t\t\t<div class=\"elementor-spacer\">\n\t\t\t<div class=\"elementor-spacer-inner\"><\/div>\n\t\t<\/div>\n\t\t\t\t<\/div>\n\t\t\t\t<\/div>\n\t\t\t\t<div class=\"elementor-element elementor-element-af159e3 elementor-widget elementor-widget-heading\" data-id=\"af159e3\" data-element_type=\"widget\" data-widget_type=\"heading.default\">\n\t\t\t\t<div class=\"elementor-widget-container\">\n\t\t\t<h2 class=\"elementor-heading-title elementor-size-default\">DIREITO SOCIET\u00c1RIO EMPRESARIAL<\/h2>\t\t<\/div>\n\t\t\t\t<\/div>\n\t\t\t\t<div class=\"elementor-element elementor-element-67ca959 elementor-widget elementor-widget-text-editor\" data-id=\"67ca959\" data-element_type=\"widget\" data-widget_type=\"text-editor.default\">\n\t\t\t\t<div class=\"elementor-widget-container\">\n\t\t\t\t\t<div class=\"elementor-text-editor elementor-clearfix\"><h5 style=\"text-align: JUSTIFY;\">Fus\u00f5es, Incorpora\u00e7\u00f5es, Joint Ventures, Holdings, Sociedades An\u00f4nimas, e demais formata\u00e7\u00f5es.<\/h5><h5>\u00a0<\/h5><h5 style=\"text-align: JUSTIFY;\">Todo o empres\u00e1rio inserido no mercado j\u00e1 conhece um pouco de direito societ\u00e1rio. Por\u00e9m a correta adequa\u00e7\u00e3o de sua denomina\u00e7\u00e3o, inserindo-a em diversas \u00e1reas do direito civil e tribut\u00e1rio conjuntamente, geram uma real economia \u00e0 empresa, com o correto exerc\u00edcio fiscal. A previs\u00e3o de futuros lit\u00edgios entre os s\u00f3cios, decorrentes ou n\u00e3o de sucess\u00f5es heredit\u00e1rias, pode nem fazer parte das preocupa\u00e7\u00f5es do empres\u00e1rio hoje, mas certamente, \u00e9 a nossa. O fim do affectio societatis, seja pelo falecimento de um dos integrantes ou pelas demandas internas entre estes \u00e9 causa de extin\u00e7\u00e3o de muitas empresas de sucesso.<\/h5><h5 style=\"text-align: JUSTIFY;\">Estamos prontos para atender e mediar conflitos entre os s\u00f3cios, e na formata\u00e7\u00e3o da empresa para o futuro, com a transforma\u00e7\u00e3o da sociedade em S\/A, seja ela aberta ou fechada, cria\u00e7\u00e3o de holdings, acompanhamento de assembl\u00e9ias, assessoramento para entrada em mercado de capitais, enfim, tudo que o empres\u00e1rio necessite para que o seu neg\u00f3cio seja bem gerido e lucrativo, capaz de se perpetuar no mercado por gera\u00e7\u00f5es.<\/h5><div class=\"hr hr-short hr-center avia-builder-el-5 el_after_av_textblock avia-builder-el-last \">\u00a0<\/div><\/div>\n\t\t\t\t<\/div>\n\t\t\t\t<\/div>\n\t\t\t\t\t<\/div>\n\t\t<\/div>\n\t\t\t\t<div class=\"elementor-column elementor-col-50 elementor-top-column elementor-element elementor-element-b6c3fe1\" data-id=\"b6c3fe1\" data-element_type=\"column\">\n\t\t\t<div class=\"elementor-widget-wrap elementor-element-populated\">\n\t\t\t\t\t\t\t\t<div class=\"elementor-element elementor-element-56af2f3 elementor-widget elementor-widget-spacer\" data-id=\"56af2f3\" data-element_type=\"widget\" data-widget_type=\"spacer.default\">\n\t\t\t\t<div class=\"elementor-widget-container\">\n\t\t\t\t\t<div class=\"elementor-spacer\">\n\t\t\t<div class=\"elementor-spacer-inner\"><\/div>\n\t\t<\/div>\n\t\t\t\t<\/div>\n\t\t\t\t<\/div>\n\t\t\t\t<div class=\"elementor-element elementor-element-70ca668 elementor-widget elementor-widget-heading\" data-id=\"70ca668\" data-element_type=\"widget\" data-widget_type=\"heading.default\">\n\t\t\t\t<div class=\"elementor-widget-container\">\n\t\t\t<h2 class=\"elementor-heading-title elementor-size-default\">Precisa de auxilio, entre em contato.<\/h2>\t\t<\/div>\n\t\t\t\t<\/div>\n\t\t\t\t<div class=\"elementor-element elementor-element-137bf66 elementor-widget elementor-widget-text-editor\" data-id=\"137bf66\" data-element_type=\"widget\" data-widget_type=\"text-editor.default\">\n\t\t\t\t<div class=\"elementor-widget-container\">\n\t\t\t\t\t<div class=\"elementor-text-editor elementor-clearfix\"><h3>41 &#8211; 3018 2857<\/h3><\/div>\n\t\t\t\t<\/div>\n\t\t\t\t<\/div>\n\t\t\t\t<div class=\"elementor-element elementor-element-0a47bad elementor-widget elementor-widget-text-editor\" data-id=\"0a47bad\" data-element_type=\"widget\" data-widget_type=\"text-editor.default\">\n\t\t\t\t<div class=\"elementor-widget-container\">\n\t\t\t\t\t<div class=\"elementor-text-editor elementor-clearfix\"><p><div role=\"form\" class=\"wpcf7\" id=\"wpcf7-f2527-o1\" lang=\"pt-BR\" dir=\"ltr\">\n<div class=\"screen-reader-response\"><p role=\"status\" aria-live=\"polite\" aria-atomic=\"true\"><\/p> <ul><\/ul><\/div>\n<form action=\"\/index.php?rest_route=%2Fwp%2Fv2%2Fpages%2F2898#wpcf7-f2527-o1\" method=\"post\" class=\"wpcf7-form init\" novalidate=\"novalidate\" data-status=\"init\">\n<div style=\"display: none;\">\n<input type=\"hidden\" name=\"_wpcf7\" value=\"2527\" \/>\n<input type=\"hidden\" name=\"_wpcf7_version\" value=\"5.4\" \/>\n<input type=\"hidden\" name=\"_wpcf7_locale\" value=\"pt_BR\" \/>\n<input type=\"hidden\" name=\"_wpcf7_unit_tag\" value=\"wpcf7-f2527-o1\" \/>\n<input type=\"hidden\" name=\"_wpcf7_container_post\" value=\"0\" \/>\n<input type=\"hidden\" name=\"_wpcf7_posted_data_hash\" value=\"\" \/>\n<\/div>\n<p><label> Nome<br \/>\n    <span class=\"wpcf7-form-control-wrap your-name\"><input type=\"text\" name=\"your-name\" value=\"\" size=\"40\" class=\"wpcf7-form-control wpcf7-text wpcf7-validates-as-required\" aria-required=\"true\" aria-invalid=\"false\" \/><\/span> <\/label><\/p>\n<p><label> Seu email<br \/>\n    <span class=\"wpcf7-form-control-wrap your-email\"><input type=\"email\" name=\"your-email\" value=\"\" size=\"40\" class=\"wpcf7-form-control wpcf7-text wpcf7-email wpcf7-validates-as-required wpcf7-validates-as-email\" aria-required=\"true\" aria-invalid=\"false\" \/><\/span> <\/label><\/p>\n<p><label> Assunto<br \/>\n    <span class=\"wpcf7-form-control-wrap your-subject\"><input type=\"text\" name=\"your-subject\" value=\"\" size=\"40\" class=\"wpcf7-form-control wpcf7-text wpcf7-validates-as-required\" aria-required=\"true\" aria-invalid=\"false\" \/><\/span> <\/label><\/p>\n<p><label> Sua mensagem (opcional)<br \/>\n    <span class=\"wpcf7-form-control-wrap your-message\"><textarea name=\"your-message\" cols=\"40\" rows=\"10\" class=\"wpcf7-form-control wpcf7-textarea\" aria-invalid=\"false\"><\/textarea><\/span> <\/label><\/p>\n<p><input type=\"submit\" value=\"Enviar\" class=\"wpcf7-form-control wpcf7-submit\" \/><\/p>\n<div class=\"wpcf7-response-output\" aria-hidden=\"true\"><\/div><\/form><\/div><\/p><\/div>\n\t\t\t\t<\/div>\n\t\t\t\t<\/div>\n\t\t\t\t\t<\/div>\n\t\t<\/div>\n\t\t\t\t\t\t\t<\/div>\n\t\t<\/section>\n\t\t\t\t<section class=\"elementor-section elementor-top-section elementor-element elementor-element-9a5c502 elementor-hidden-desktop elementor-hidden-tablet elementor-section-boxed elementor-section-height-default elementor-section-height-default\" data-id=\"9a5c502\" data-element_type=\"section\" data-settings=\"{&quot;background_background&quot;:&quot;classic&quot;}\">\n\t\t\t\t\t\t<div class=\"elementor-container elementor-column-gap-default\">\n\t\t\t\t\t<div class=\"elementor-column elementor-col-100 elementor-top-column elementor-element elementor-element-41fd3ab\" data-id=\"41fd3ab\" data-element_type=\"column\" data-settings=\"{&quot;background_background&quot;:&quot;classic&quot;}\">\n\t\t\t<div class=\"elementor-widget-wrap elementor-element-populated\">\n\t\t\t\t\t\t\t\t<div class=\"elementor-element elementor-element-5a53177 elementor-widget elementor-widget-image\" data-id=\"5a53177\" data-element_type=\"widget\" data-widget_type=\"image.default\">\n\t\t\t\t<div class=\"elementor-widget-container\">\n\t\t\t\t\t<div class=\"elementor-image\">\n\t\t\t\t\t\t\t\t\t\t<img width=\"1030\" height=\"446\" src=\"http:\/\/www.bucoskielopes.com.br\/wp-content\/uploads\/2014\/09\/direito-societario-1030x446.jpg\" class=\"avia-img-lazy-loading-2430 attachment-large size-large\" alt=\"\" loading=\"lazy\" srcset=\"http:\/\/www.bucoskielopes.com.br\/wp-content\/uploads\/2014\/09\/direito-societario-1030x446.jpg 1030w, http:\/\/www.bucoskielopes.com.br\/wp-content\/uploads\/2014\/09\/direito-societario-300x130.jpg 300w, http:\/\/www.bucoskielopes.com.br\/wp-content\/uploads\/2014\/09\/direito-societario-1500x650.jpg 1500w, http:\/\/www.bucoskielopes.com.br\/wp-content\/uploads\/2014\/09\/direito-societario-705x305.jpg 705w, http:\/\/www.bucoskielopes.com.br\/wp-content\/uploads\/2014\/09\/direito-societario-450x195.jpg 450w, http:\/\/www.bucoskielopes.com.br\/wp-content\/uploads\/2014\/09\/direito-societario.jpg 1920w\" sizes=\"(max-width: 1030px) 100vw, 1030px\" \/>\t\t\t\t\t\t\t\t\t\t\t<\/div>\n\t\t\t\t<\/div>\n\t\t\t\t<\/div>\n\t\t\t\t\t<\/div>\n\t\t<\/div>\n\t\t\t\t\t\t\t<\/div>\n\t\t<\/section>\n\t\t\t\t<section class=\"elementor-section elementor-top-section elementor-element elementor-element-016bba7 elementor-hidden-desktop elementor-hidden-tablet elementor-section-boxed elementor-section-height-default elementor-section-height-default\" data-id=\"016bba7\" data-element_type=\"section\">\n\t\t\t\t\t\t<div class=\"elementor-container elementor-column-gap-default\">\n\t\t\t\t\t<div class=\"elementor-column elementor-col-50 elementor-top-column elementor-element elementor-element-e8385d8\" data-id=\"e8385d8\" data-element_type=\"column\">\n\t\t\t<div class=\"elementor-widget-wrap elementor-element-populated\">\n\t\t\t\t\t\t\t\t<div class=\"elementor-element elementor-element-225a839 elementor-widget elementor-widget-spacer\" data-id=\"225a839\" data-element_type=\"widget\" data-widget_type=\"spacer.default\">\n\t\t\t\t<div class=\"elementor-widget-container\">\n\t\t\t\t\t<div class=\"elementor-spacer\">\n\t\t\t<div class=\"elementor-spacer-inner\"><\/div>\n\t\t<\/div>\n\t\t\t\t<\/div>\n\t\t\t\t<\/div>\n\t\t\t\t<div class=\"elementor-element elementor-element-32bf63f elementor-widget elementor-widget-heading\" data-id=\"32bf63f\" data-element_type=\"widget\" data-widget_type=\"heading.default\">\n\t\t\t\t<div class=\"elementor-widget-container\">\n\t\t\t<h2 class=\"elementor-heading-title elementor-size-default\">DIREITO SOCIET\u00c1RIO EMPRESARIAL<\/h2>\t\t<\/div>\n\t\t\t\t<\/div>\n\t\t\t\t<div class=\"elementor-element elementor-element-0a784a3 elementor-widget elementor-widget-text-editor\" data-id=\"0a784a3\" data-element_type=\"widget\" data-widget_type=\"text-editor.default\">\n\t\t\t\t<div class=\"elementor-widget-container\">\n\t\t\t\t\t<div class=\"elementor-text-editor elementor-clearfix\"><h5 style=\"text-align: JUSTIFY;\">Fus\u00f5es, Incorpora\u00e7\u00f5es, Joint Ventures, Holdings, Sociedades An\u00f4nimas, e demais formata\u00e7\u00f5es.<\/h5><h5>\u00a0<\/h5><h5 style=\"text-align: JUSTIFY;\">Todo o empres\u00e1rio inserido no mercado j\u00e1 conhece um pouco de direito societ\u00e1rio. Por\u00e9m a correta adequa\u00e7\u00e3o de sua denomina\u00e7\u00e3o, inserindo-a em diversas \u00e1reas do direito civil e tribut\u00e1rio conjuntamente, geram uma real economia \u00e0 empresa, com a correta adequa\u00e7\u00e3o fiscal. A previs\u00e3o de futuros lit\u00edgios entre os s\u00f3cios, decorrentes ou n\u00e3o de sucess\u00f5es heredit\u00e1rias, pode nem fazer parte das preocupa\u00e7\u00f5es do empres\u00e1rio hoje, mas certamente, \u00e9 a nossa. O fim do affectio societatis, seja pelo falecimento de um dos integrantes ou pelas demandas internas entre estes \u00e9 causa de extin\u00e7\u00e3o de muitas empresas de sucesso.<\/h5><h5 style=\"text-align: JUSTIFY;\"><br \/>Estamos prontos para atender e mediar conflitos entre os s\u00f3cios, e na formata\u00e7\u00e3o da empresa para o futuro, com a transforma\u00e7\u00e3o da sociedade em S\/A, seja ela aberta ou fechada, cria\u00e7\u00e3o de holdings, acompanhamento de assembl\u00e9ias, assessoramento para entrada em mercado de capitais, enfim, tudo que o empres\u00e1rio necessite para que o seu neg\u00f3cio seja bem gerido e lucrativo, capaz de se perpetuar no mercado por gera\u00e7\u00f5es.<\/h5><div class=\"hr hr-short hr-center avia-builder-el-5 el_after_av_textblock avia-builder-el-last \">\u00a0<\/div><\/div>\n\t\t\t\t<\/div>\n\t\t\t\t<\/div>\n\t\t\t\t\t<\/div>\n\t\t<\/div>\n\t\t\t\t<div class=\"elementor-column elementor-col-50 elementor-top-column elementor-element elementor-element-83052f7\" data-id=\"83052f7\" data-element_type=\"column\">\n\t\t\t<div class=\"elementor-widget-wrap elementor-element-populated\">\n\t\t\t\t\t\t\t\t<div class=\"elementor-element elementor-element-116f73c elementor-widget elementor-widget-heading\" data-id=\"116f73c\" data-element_type=\"widget\" data-widget_type=\"heading.default\">\n\t\t\t\t<div class=\"elementor-widget-container\">\n\t\t\t<h2 class=\"elementor-heading-title elementor-size-default\">Precisa de auxilio, entre em contato.<\/h2>\t\t<\/div>\n\t\t\t\t<\/div>\n\t\t\t\t<div class=\"elementor-element elementor-element-1d661af elementor-widget elementor-widget-text-editor\" data-id=\"1d661af\" data-element_type=\"widget\" data-widget_type=\"text-editor.default\">\n\t\t\t\t<div class=\"elementor-widget-container\">\n\t\t\t\t\t<div class=\"elementor-text-editor elementor-clearfix\"><h3>41 &#8211; 3018 2857<\/h3><\/div>\n\t\t\t\t<\/div>\n\t\t\t\t<\/div>\n\t\t\t\t<div class=\"elementor-element elementor-element-8aafdf0 elementor-widget elementor-widget-text-editor\" data-id=\"8aafdf0\" data-element_type=\"widget\" data-widget_type=\"text-editor.default\">\n\t\t\t\t<div class=\"elementor-widget-container\">\n\t\t\t\t\t<div class=\"elementor-text-editor elementor-clearfix\"><p><div role=\"form\" class=\"wpcf7\" id=\"wpcf7-f2527-o2\" lang=\"pt-BR\" dir=\"ltr\">\n<div class=\"screen-reader-response\"><p role=\"status\" aria-live=\"polite\" aria-atomic=\"true\"><\/p> <ul><\/ul><\/div>\n<form action=\"\/index.php?rest_route=%2Fwp%2Fv2%2Fpages%2F2898#wpcf7-f2527-o2\" method=\"post\" class=\"wpcf7-form init\" novalidate=\"novalidate\" data-status=\"init\">\n<div style=\"display: none;\">\n<input type=\"hidden\" name=\"_wpcf7\" value=\"2527\" \/>\n<input type=\"hidden\" name=\"_wpcf7_version\" value=\"5.4\" \/>\n<input type=\"hidden\" name=\"_wpcf7_locale\" value=\"pt_BR\" \/>\n<input type=\"hidden\" name=\"_wpcf7_unit_tag\" value=\"wpcf7-f2527-o2\" \/>\n<input type=\"hidden\" name=\"_wpcf7_container_post\" value=\"0\" \/>\n<input type=\"hidden\" name=\"_wpcf7_posted_data_hash\" value=\"\" \/>\n<\/div>\n<p><label> Nome<br \/>\n    <span class=\"wpcf7-form-control-wrap your-name\"><input type=\"text\" name=\"your-name\" value=\"\" size=\"40\" class=\"wpcf7-form-control wpcf7-text wpcf7-validates-as-required\" aria-required=\"true\" aria-invalid=\"false\" \/><\/span> <\/label><\/p>\n<p><label> Seu email<br \/>\n    <span class=\"wpcf7-form-control-wrap your-email\"><input type=\"email\" name=\"your-email\" value=\"\" size=\"40\" class=\"wpcf7-form-control wpcf7-text wpcf7-email wpcf7-validates-as-required wpcf7-validates-as-email\" aria-required=\"true\" aria-invalid=\"false\" \/><\/span> <\/label><\/p>\n<p><label> Assunto<br \/>\n    <span class=\"wpcf7-form-control-wrap your-subject\"><input type=\"text\" name=\"your-subject\" value=\"\" size=\"40\" class=\"wpcf7-form-control wpcf7-text wpcf7-validates-as-required\" aria-required=\"true\" aria-invalid=\"false\" \/><\/span> <\/label><\/p>\n<p><label> Sua mensagem (opcional)<br \/>\n    <span class=\"wpcf7-form-control-wrap your-message\"><textarea name=\"your-message\" cols=\"40\" rows=\"10\" class=\"wpcf7-form-control wpcf7-textarea\" aria-invalid=\"false\"><\/textarea><\/span> <\/label><\/p>\n<p><input type=\"submit\" value=\"Enviar\" class=\"wpcf7-form-control wpcf7-submit\" \/><\/p>\n<div class=\"wpcf7-response-output\" aria-hidden=\"true\"><\/div><\/form><\/div><\/p><\/div>\n\t\t\t\t<\/div>\n\t\t\t\t<\/div>\n\t\t\t\t\t<\/div>\n\t\t<\/div>\n\t\t\t\t\t\t\t<\/div>\n\t\t<\/section>\n\t\t\t\t\t\t<\/div>\n\t\t\t\t\t<\/div>\n\t\t","protected":false},"excerpt":{"rendered":"<p>DIREITO SOCIET\u00c1RIO EMPRESARIAL Fus\u00f5es, Incorpora\u00e7\u00f5es, Joint Ventures, Holdings, Sociedades An\u00f4nimas, e demais formata\u00e7\u00f5es. \u00a0 Todo o empres\u00e1rio inserido no mercado j\u00e1 conhece um pouco de direito societ\u00e1rio. Por\u00e9m a correta adequa\u00e7\u00e3o de sua denomina\u00e7\u00e3o, inserindo-a em diversas \u00e1reas do direito civil e tribut\u00e1rio conjuntamente, geram uma real economia \u00e0 empresa, com o correto exerc\u00edcio fiscal. [&hellip;]<\/p>\n","protected":false},"author":1,"featured_media":0,"parent":0,"menu_order":0,"comment_status":"closed","ping_status":"closed","template":"elementor_header_footer","meta":[],"_links":{"self":[{"href":"http:\/\/www.bucoskielopes.com.br\/index.php?rest_route=\/wp\/v2\/pages\/2898"}],"collection":[{"href":"http:\/\/www.bucoskielopes.com.br\/index.php?rest_route=\/wp\/v2\/pages"}],"about":[{"href":"http:\/\/www.bucoskielopes.com.br\/index.php?rest_route=\/wp\/v2\/types\/page"}],"author":[{"embeddable":true,"href":"http:\/\/www.bucoskielopes.com.br\/index.php?rest_route=\/wp\/v2\/users\/1"}],"replies":[{"embeddable":true,"href":"http:\/\/www.bucoskielopes.com.br\/index.php?rest_route=%2Fwp%2Fv2%2Fcomments&post=2898"}],"version-history":[{"count":7,"href":"http:\/\/www.bucoskielopes.com.br\/index.php?rest_route=\/wp\/v2\/pages\/2898\/revisions"}],"predecessor-version":[{"id":3023,"href":"http:\/\/www.bucoskielopes.com.br\/index.php?rest_route=\/wp\/v2\/pages\/2898\/revisions\/3023"}],"wp:attachment":[{"href":"http:\/\/www.bucoskielopes.com.br\/index.php?rest_route=%2Fwp%2Fv2%2Fmedia&parent=2898"}],"curies":[{"name":"wp","href":"https:\/\/api.w.org\/{rel}","templated":true}]}}