{"id":2959,"date":"2021-05-12T16:53:46","date_gmt":"2021-05-12T19:53:46","guid":{"rendered":"http:\/\/www.bucoskielopes.com.br\/?page_id=2959"},"modified":"2021-08-10T08:23:38","modified_gmt":"2021-08-10T11:23:38","slug":"institucional-1","status":"publish","type":"page","link":"http:\/\/www.bucoskielopes.com.br\/?page_id=2959","title":{"rendered":"INSTITUCIONAL 1"},"content":{"rendered":"\t\t<div data-elementor-type=\"wp-page\" data-elementor-id=\"2959\" class=\"elementor elementor-2959\" data-elementor-settings=\"[]\">\n\t\t\t\t\t\t\t<div class=\"elementor-section-wrap\">\n\t\t\t\t\t\t\t<section class=\"elementor-section elementor-top-section elementor-element elementor-element-3f0159d elementor-hidden-phone elementor-section-boxed elementor-section-height-default elementor-section-height-default\" data-id=\"3f0159d\" data-element_type=\"section\" data-settings=\"{&quot;background_background&quot;:&quot;classic&quot;}\">\n\t\t\t\t\t\t<div class=\"elementor-container elementor-column-gap-default\">\n\t\t\t\t\t<div class=\"elementor-column elementor-col-100 elementor-top-column elementor-element elementor-element-e77f5cd\" data-id=\"e77f5cd\" data-element_type=\"column\">\n\t\t\t<div class=\"elementor-widget-wrap elementor-element-populated\">\n\t\t\t\t\t\t\t\t<div class=\"elementor-element elementor-element-c5b5c5a elementor-widget elementor-widget-spacer\" data-id=\"c5b5c5a\" data-element_type=\"widget\" data-widget_type=\"spacer.default\">\n\t\t\t\t<div class=\"elementor-widget-container\">\n\t\t\t\t\t<div class=\"elementor-spacer\">\n\t\t\t<div class=\"elementor-spacer-inner\"><\/div>\n\t\t<\/div>\n\t\t\t\t<\/div>\n\t\t\t\t<\/div>\n\t\t\t\t\t<\/div>\n\t\t<\/div>\n\t\t\t\t\t\t\t<\/div>\n\t\t<\/section>\n\t\t\t\t<section class=\"elementor-section elementor-top-section elementor-element elementor-element-bbd80a3 elementor-hidden-phone elementor-section-boxed elementor-section-height-default elementor-section-height-default\" data-id=\"bbd80a3\" data-element_type=\"section\">\n\t\t\t\t\t\t<div class=\"elementor-container elementor-column-gap-default\">\n\t\t\t\t\t<div class=\"elementor-column elementor-col-50 elementor-top-column elementor-element elementor-element-534f2e1\" data-id=\"534f2e1\" data-element_type=\"column\">\n\t\t\t<div class=\"elementor-widget-wrap elementor-element-populated\">\n\t\t\t\t\t\t\t\t<div class=\"elementor-element elementor-element-392a1ef elementor-widget elementor-widget-spacer\" data-id=\"392a1ef\" data-element_type=\"widget\" data-widget_type=\"spacer.default\">\n\t\t\t\t<div class=\"elementor-widget-container\">\n\t\t\t\t\t<div class=\"elementor-spacer\">\n\t\t\t<div class=\"elementor-spacer-inner\"><\/div>\n\t\t<\/div>\n\t\t\t\t<\/div>\n\t\t\t\t<\/div>\n\t\t\t\t<div class=\"elementor-element elementor-element-6167622 elementor-widget elementor-widget-text-editor\" data-id=\"6167622\" data-element_type=\"widget\" data-widget_type=\"text-editor.default\">\n\t\t\t\t<div class=\"elementor-widget-container\">\n\t\t\t\t\t<div class=\"elementor-text-editor elementor-clearfix\"><h5 style=\"text-align: JUSTIFY;\">BUCOSKI e LOPES escrit\u00f3rio de advocacia e consultoria empresarial, foca-se em ajudar o cliente de maneira \u00e9tica, honesta, objetiva, r\u00e1pida e eficaz, ponderando os riscos e os custos inerentes de cada decis\u00e3o a ser tomada e apontando o caminho a ser trilhado.<\/h5><h5>\u00a0<\/h5><h5 style=\"text-align: JUSTIFY;\">Pronto para o atendimento \u00e0 pessoas f\u00edsicas, nosso escrit\u00f3rio atua nos diversos segmentos do Direito Civil, Direito do Trabalho e Direito do Consumidor, sendo especialista em cobran\u00e7as, dilig\u00eancias locais e interestaduais.<\/h5><h5>\u00a0<\/h5><h5 style=\"text-align: JUSTIFY;\">Na esfera Empresarial, contamos com advogados de forma\u00e7\u00e3o multidisciplinares que atuam no Direito Societ\u00e1rio, auxiliando desde o momento da abertura de sua empresa, at\u00e9 a poss\u00edvel entrada no Mercado de Capitais, contando com parceiros especialistas em Direito Tribut\u00e1rio que dimensionam e ad\u00e9quam sua empresa ao melhor ambiente fiscal poss\u00edvel.<\/h5><h5>\u00a0<\/h5><h5 style=\"text-align: JUSTIFY;\">Prestamos assessoramento na \u00e1rea de Direito Criminal Empresarial. Atuando quando da Lide j\u00e1 instaurada, mas principalmente contribuindo de forma preventiva, orientando nossos clientes ao perfeito enquadramento legal vigente, para que o simples desconhecimento n\u00e3o incida em delito.<\/h5><h5>\u00a0<\/h5><h5 style=\"text-align: JUSTIFY;\">Analisar o que \u00e9 oportuno e rent\u00e1vel as empresas nacionais e estrangeiras, viabilizando uma forma administrativa moderna, pautada na redu\u00e7\u00e3o de custos com a conseq\u00fcente maximiza\u00e7\u00e3o dos resultados.<\/h5><h5>\u00a0<\/h5><h5 style=\"text-align: JUSTIFY;\">Com uma estrutura comprometida no cliente, viabilizamos corte dos custos das organiza\u00e7\u00f5es, acostumadas em manter profissionais especializados para cada esp\u00e9cie de demanda, e para tanto, possu\u00edmos representa\u00e7\u00e3o nos principais Estados proporcionando maior agilidade na resolu\u00e7\u00e3o de conflitos.<\/h5><h5>\u00a0<\/h5><h5 style=\"text-align: JUSTIFY;\">Profissionais experientes e multidisciplinares, com vis\u00e3o ampla e integrada do micro ambiente empresarial ao macro ambiente econ\u00f4mico, onde uma situa\u00e7\u00e3o desfavor\u00e1vel em algum lugar do globo pode inviabilizar um projeto de expans\u00e3o, ou se tornar em uma oportunidade de crescimento de mercado. Atuando sempre com rapidez e efici\u00eancia, prevendo as varia\u00e7\u00f5es e estabelecendo quais as vantagens de cada neg\u00f3cio ou incorpora\u00e7\u00e3o.<\/h5><h5>\u00a0<\/h5><h5 style=\"text-align: JUSTIFY;\">Anos de atividade proporcionaram o conhecimento e a compet\u00eancia para resolver pend\u00eancias administrativas em todas as esferas da federa\u00e7\u00e3o, servindo como ponte segura \u00e0 resolu\u00e7\u00e3o de problemas legais e \u00e0 intermedia\u00e7\u00e3o junto \u00e0 autoridade competente para a implanta\u00e7\u00e3o de investimentos que demandem de in\u00fameras licen\u00e7as.<\/h5><h5>\u00a0<\/h5><h5 style=\"text-align: JUSTIFY;\">Hoje, oferecemos aos nossos clientes o que h\u00e1 na vanguarda de teses e teorias jur\u00eddicas visando a restitui\u00e7\u00e3o de impostos, taxas e contribui\u00e7\u00f5es, planejamento tribut\u00e1rio, e assessoramento para a inser\u00e7\u00e3o no mercado de capitais, com planejamento estrat\u00e9gico capaz de tornar uma empresa regional em uma corpora\u00e7\u00e3o de alcance nacional.<\/h5><h5>\u00a0<\/h5><h5 style=\"text-align: JUSTIFY;\">Planejamento, viabilidade financeira e consultoria jur\u00eddica, s\u00e3o os tr\u00eas pilares para empreender com sucesso.<\/h5><\/div>\n\t\t\t\t<\/div>\n\t\t\t\t<\/div>\n\t\t\t\t<div class=\"elementor-element elementor-element-2d22787 elementor-widget elementor-widget-spacer\" data-id=\"2d22787\" data-element_type=\"widget\" data-widget_type=\"spacer.default\">\n\t\t\t\t<div class=\"elementor-widget-container\">\n\t\t\t\t\t<div class=\"elementor-spacer\">\n\t\t\t<div class=\"elementor-spacer-inner\"><\/div>\n\t\t<\/div>\n\t\t\t\t<\/div>\n\t\t\t\t<\/div>\n\t\t\t\t\t<\/div>\n\t\t<\/div>\n\t\t\t\t<div class=\"elementor-column elementor-col-50 elementor-top-column elementor-element elementor-element-222f179\" data-id=\"222f179\" data-element_type=\"column\">\n\t\t\t<div class=\"elementor-widget-wrap elementor-element-populated\">\n\t\t\t\t\t\t\t\t<div class=\"elementor-element elementor-element-3cc42bb elementor-widget elementor-widget-spacer\" data-id=\"3cc42bb\" data-element_type=\"widget\" data-widget_type=\"spacer.default\">\n\t\t\t\t<div class=\"elementor-widget-container\">\n\t\t\t\t\t<div class=\"elementor-spacer\">\n\t\t\t<div class=\"elementor-spacer-inner\"><\/div>\n\t\t<\/div>\n\t\t\t\t<\/div>\n\t\t\t\t<\/div>\n\t\t\t\t<div class=\"elementor-element elementor-element-e43963d eael-team-align-eael-team-align-default elementor-widget elementor-widget-eael-team-member\" data-id=\"e43963d\" data-element_type=\"widget\" data-widget_type=\"eael-team-member.default\">\n\t\t\t\t<div class=\"elementor-widget-container\">\n\t\t\t\n\n\t<div id=\"eael-team-member-e43963d\" class=\"eael-team-item eael-team-members-simple \">\n\t\t<div class=\"eael-team-item-inner\">\n\t\t\t<div class=\"eael-team-image\">\n\t\t\t\t<figure>\n\t\t\t\t\t<img src=\"http:\/\/www.bucoskielopes.com.br\/wp-content\/uploads\/2021\/03\/foto-bucoski-e-lopes-advocacia-sergio.jpg\" alt=\"\">\n\t\t\t\t<\/figure>\n\t\t\t\t\t\t\t<\/div>\n\n\t\t\t<div class=\"eael-team-content\">\n\t\t\t\t<h3 class=\"eael-team-member-name\">Sergio Bucoski<\/h3>\n\t\t\t\t<h4 class=\"eael-team-member-position\">S\u00f3cio Fundador<\/h4>\n\n\t\t\t\t\t\t\t\t\t\t\t\t\t\t\t<ul class=\"eael-team-member-social-profiles\">\n\t\t\t\t\t\t\t\t\t\t\t\t\t\t\t\t\t\t\t\t\t\t\t\t\t\t\t\t\t\t\t\t\t\t\t\t\t\t\t\t\t<li class=\"eael-team-member-social-link\">\n\t\t\t\t\t\t\t\t\t\t<a href=\"https:\/\/www.linkedin.com\/in\/sergio-bucoski-a0887920a\/\"  target=\"_blank\">\n\t\t\t\t\t\t\t\t\t\t\t\t\t\t\t\t\t\t\t\t\t\t\t\t\t\t\t\t\t\t\t\t\t\t\t\t<i class=\"fab fa-linkedin\"><\/i>\n\t\t\t\t\t\t\t\t\t\t\t\t\t\t\t\t\t\t\t\t\t\t\t\t\t\t\t\t\t\t\t\t\t<\/a>\n\t\t\t\t\t\t\t\t\t<\/li>\n\t\t\t\t\t\t\t\t\t\t\t\t\t\t\t\t\t\t\t\t\t<\/ul>\n\t\t\t\t\t\t\t\t\t\t<p class=\"eael-team-text\"><\/p>\n\t\t\t\t\t\t\t<\/div>\n\t\t<\/div>\n\t<\/div>\n\t\t\t<\/div>\n\t\t\t\t<\/div>\n\t\t\t\t<div class=\"elementor-element elementor-element-5f70984 eael-team-align-eael-team-align-default elementor-widget elementor-widget-eael-team-member\" data-id=\"5f70984\" data-element_type=\"widget\" data-widget_type=\"eael-team-member.default\">\n\t\t\t\t<div class=\"elementor-widget-container\">\n\t\t\t\n\n\t<div id=\"eael-team-member-5f70984\" class=\"eael-team-item eael-team-members-simple \">\n\t\t<div class=\"eael-team-item-inner\">\n\t\t\t<div class=\"eael-team-image\">\n\t\t\t\t<figure>\n\t\t\t\t\t<img src=\"http:\/\/www.bucoskielopes.com.br\/wp-content\/uploads\/2021\/05\/galvao-biblioteca-7-scaled.jpg\" alt=\"\">\n\t\t\t\t<\/figure>\n\t\t\t\t\t\t\t<\/div>\n\n\t\t\t<div class=\"eael-team-content\">\n\t\t\t\t<h3 class=\"eael-team-member-name\">Galv\u00e3o Lopes J\u00fanior<\/h3>\n\t\t\t\t<h4 class=\"eael-team-member-position\">S\u00f3cio Fundador<\/h4>\n\n\t\t\t\t\t\t\t\t\t\t\t\t\t\t\t<ul class=\"eael-team-member-social-profiles\">\n\t\t\t\t\t\t\t\t\t\t\t\t\t\t\t\t\t\t\t\t\t\t\t\t\t\t\t\t\t\t\t\t\t\t\t\t\t\t\t\t\t<li class=\"eael-team-member-social-link\">\n\t\t\t\t\t\t\t\t\t\t<a href=\"https:\/\/www.linkedin.com\/in\/galv%C3%A3o-lopes-junior-347a6961\/\"  target=\"_blank\">\n\t\t\t\t\t\t\t\t\t\t\t\t\t\t\t\t\t\t\t\t\t\t\t\t\t\t\t\t\t\t\t\t\t\t\t\t<i class=\"fab fa-linkedin\"><\/i>\n\t\t\t\t\t\t\t\t\t\t\t\t\t\t\t\t\t\t\t\t\t\t\t\t\t\t\t\t\t\t\t\t\t<\/a>\n\t\t\t\t\t\t\t\t\t<\/li>\n\t\t\t\t\t\t\t\t\t\t\t\t\t\t\t\t\t\t\t\t\t<\/ul>\n\t\t\t\t\t\t\t\t\t\t<p class=\"eael-team-text\"><\/p>\n\t\t\t\t\t\t\t<\/div>\n\t\t<\/div>\n\t<\/div>\n\t\t\t<\/div>\n\t\t\t\t<\/div>\n\t\t\t\t\t<\/div>\n\t\t<\/div>\n\t\t\t\t\t\t\t<\/div>\n\t\t<\/section>\n\t\t\t\t<section class=\"elementor-section elementor-top-section elementor-element elementor-element-a044a65 elementor-hidden-desktop elementor-hidden-tablet elementor-section-boxed elementor-section-height-default elementor-section-height-default\" data-id=\"a044a65\" data-element_type=\"section\" data-settings=\"{&quot;background_background&quot;:&quot;classic&quot;}\">\n\t\t\t\t\t\t<div class=\"elementor-container elementor-column-gap-default\">\n\t\t\t\t\t<div class=\"elementor-column elementor-col-100 elementor-top-column elementor-element elementor-element-1b07a7e\" data-id=\"1b07a7e\" data-element_type=\"column\">\n\t\t\t<div class=\"elementor-widget-wrap elementor-element-populated\">\n\t\t\t\t\t\t\t\t<div class=\"elementor-element elementor-element-ce865ec elementor-widget elementor-widget-image\" data-id=\"ce865ec\" data-element_type=\"widget\" data-widget_type=\"image.default\">\n\t\t\t\t<div class=\"elementor-widget-container\">\n\t\t\t\t\t<div class=\"elementor-image\">\n\t\t\t\t\t\t\t\t\t\t<img width=\"1030\" height=\"520\" src=\"http:\/\/www.bucoskielopes.com.br\/wp-content\/uploads\/2013\/06\/banners-site-1030x520.jpg\" class=\"avia-img-lazy-loading-2474 attachment-large size-large\" alt=\"\" loading=\"lazy\" srcset=\"http:\/\/www.bucoskielopes.com.br\/wp-content\/uploads\/2013\/06\/banners-site-1030x520.jpg 1030w, http:\/\/www.bucoskielopes.com.br\/wp-content\/uploads\/2013\/06\/banners-site-300x151.jpg 300w, http:\/\/www.bucoskielopes.com.br\/wp-content\/uploads\/2013\/06\/banners-site-1500x758.jpg 1500w, http:\/\/www.bucoskielopes.com.br\/wp-content\/uploads\/2013\/06\/banners-site-705x356.jpg 705w, http:\/\/www.bucoskielopes.com.br\/wp-content\/uploads\/2013\/06\/banners-site-450x227.jpg 450w, http:\/\/www.bucoskielopes.com.br\/wp-content\/uploads\/2013\/06\/banners-site.jpg 1920w\" sizes=\"(max-width: 1030px) 100vw, 1030px\" \/>\t\t\t\t\t\t\t\t\t\t\t<\/div>\n\t\t\t\t<\/div>\n\t\t\t\t<\/div>\n\t\t\t\t\t<\/div>\n\t\t<\/div>\n\t\t\t\t\t\t\t<\/div>\n\t\t<\/section>\n\t\t\t\t<section class=\"elementor-section elementor-top-section elementor-element elementor-element-cd6eeab elementor-hidden-desktop elementor-hidden-tablet elementor-section-boxed elementor-section-height-default elementor-section-height-default\" data-id=\"cd6eeab\" data-element_type=\"section\">\n\t\t\t\t\t\t<div class=\"elementor-container elementor-column-gap-default\">\n\t\t\t\t\t<div class=\"elementor-column elementor-col-50 elementor-top-column elementor-element elementor-element-1ce65c2\" data-id=\"1ce65c2\" data-element_type=\"column\">\n\t\t\t<div class=\"elementor-widget-wrap elementor-element-populated\">\n\t\t\t\t\t\t\t\t<div class=\"elementor-element elementor-element-058d607 elementor-widget elementor-widget-spacer\" data-id=\"058d607\" data-element_type=\"widget\" data-widget_type=\"spacer.default\">\n\t\t\t\t<div class=\"elementor-widget-container\">\n\t\t\t\t\t<div class=\"elementor-spacer\">\n\t\t\t<div class=\"elementor-spacer-inner\"><\/div>\n\t\t<\/div>\n\t\t\t\t<\/div>\n\t\t\t\t<\/div>\n\t\t\t\t<div class=\"elementor-element elementor-element-402518b eael-team-align-eael-team-align-default elementor-widget elementor-widget-eael-team-member\" data-id=\"402518b\" data-element_type=\"widget\" data-widget_type=\"eael-team-member.default\">\n\t\t\t\t<div class=\"elementor-widget-container\">\n\t\t\t\n\n\t<div id=\"eael-team-member-402518b\" class=\"eael-team-item eael-team-members-simple \">\n\t\t<div class=\"eael-team-item-inner\">\n\t\t\t<div class=\"eael-team-image\">\n\t\t\t\t<figure>\n\t\t\t\t\t<img src=\"http:\/\/www.bucoskielopes.com.br\/wp-content\/uploads\/2021\/03\/foto-bucoski-e-lopes-advocacia-sergio.jpg\" alt=\"\">\n\t\t\t\t<\/figure>\n\t\t\t\t\t\t\t<\/div>\n\n\t\t\t<div class=\"eael-team-content\">\n\t\t\t\t<h3 class=\"eael-team-member-name\">Sergio Bucoski<\/h3>\n\t\t\t\t<h4 class=\"eael-team-member-position\">S\u00f3cio Fundador<\/h4>\n\n\t\t\t\t\t\t\t\t\t\t\t\t\t\t\t<ul class=\"eael-team-member-social-profiles\">\n\t\t\t\t\t\t\t\t\t\t\t\t\t\t\t\t\t\t\t\t\t\t\t\t\t\t\t\t\t\t\t\t\t\t\t\t\t\t\t\t\t<li class=\"eael-team-member-social-link\">\n\t\t\t\t\t\t\t\t\t\t<a href=\"https:\/\/www.linkedin.com\/in\/sergio-bucoski-a0887920a\/\"  target=\"_blank\">\n\t\t\t\t\t\t\t\t\t\t\t\t\t\t\t\t\t\t\t\t\t\t\t\t\t\t\t\t\t\t\t\t\t\t\t\t<i class=\"fab fa-linkedin\"><\/i>\n\t\t\t\t\t\t\t\t\t\t\t\t\t\t\t\t\t\t\t\t\t\t\t\t\t\t\t\t\t\t\t\t\t<\/a>\n\t\t\t\t\t\t\t\t\t<\/li>\n\t\t\t\t\t\t\t\t\t\t\t\t\t\t\t\t\t\t\t\t\t<\/ul>\n\t\t\t\t\t\t\t\t\t\t<p class=\"eael-team-text\"><\/p>\n\t\t\t\t\t\t\t<\/div>\n\t\t<\/div>\n\t<\/div>\n\t\t\t<\/div>\n\t\t\t\t<\/div>\n\t\t\t\t<div class=\"elementor-element elementor-element-4667fe0 eael-team-align-eael-team-align-default elementor-widget elementor-widget-eael-team-member\" data-id=\"4667fe0\" data-element_type=\"widget\" data-widget_type=\"eael-team-member.default\">\n\t\t\t\t<div class=\"elementor-widget-container\">\n\t\t\t\n\n\t<div id=\"eael-team-member-4667fe0\" class=\"eael-team-item eael-team-members-simple \">\n\t\t<div class=\"eael-team-item-inner\">\n\t\t\t<div class=\"eael-team-image\">\n\t\t\t\t<figure>\n\t\t\t\t\t<img src=\"http:\/\/www.bucoskielopes.com.br\/wp-content\/uploads\/2021\/05\/galvao-biblioteca-7-scaled.jpg\" alt=\"\">\n\t\t\t\t<\/figure>\n\t\t\t\t\t\t\t<\/div>\n\n\t\t\t<div class=\"eael-team-content\">\n\t\t\t\t<h3 class=\"eael-team-member-name\">Galv\u00e3o Lopes J\u00fanior<\/h3>\n\t\t\t\t<h4 class=\"eael-team-member-position\">S\u00f3cio Fundador<\/h4>\n\n\t\t\t\t\t\t\t\t\t\t\t\t\t\t\t<ul class=\"eael-team-member-social-profiles\">\n\t\t\t\t\t\t\t\t\t\t\t\t\t\t\t\t\t\t\t\t\t\t\t\t\t\t\t\t\t\t\t\t\t\t\t\t\t\t\t\t\t<li class=\"eael-team-member-social-link\">\n\t\t\t\t\t\t\t\t\t\t<a href=\"https:\/\/www.linkedin.com\/in\/galv%C3%A3o-lopes-junior-347a6961\/\"  target=\"_blank\">\n\t\t\t\t\t\t\t\t\t\t\t\t\t\t\t\t\t\t\t\t\t\t\t\t\t\t\t\t\t\t\t\t\t\t\t\t<i class=\"fab fa-linkedin\"><\/i>\n\t\t\t\t\t\t\t\t\t\t\t\t\t\t\t\t\t\t\t\t\t\t\t\t\t\t\t\t\t\t\t\t\t<\/a>\n\t\t\t\t\t\t\t\t\t<\/li>\n\t\t\t\t\t\t\t\t\t\t\t\t\t\t\t\t\t\t\t\t\t<\/ul>\n\t\t\t\t\t\t\t\t\t\t<p class=\"eael-team-text\"><\/p>\n\t\t\t\t\t\t\t<\/div>\n\t\t<\/div>\n\t<\/div>\n\t\t\t<\/div>\n\t\t\t\t<\/div>\n\t\t\t\t\t<\/div>\n\t\t<\/div>\n\t\t\t\t<div class=\"elementor-column elementor-col-50 elementor-top-column elementor-element elementor-element-35f4700\" data-id=\"35f4700\" data-element_type=\"column\">\n\t\t\t<div class=\"elementor-widget-wrap elementor-element-populated\">\n\t\t\t\t\t\t\t\t<div class=\"elementor-element elementor-element-2bd085a elementor-widget elementor-widget-spacer\" data-id=\"2bd085a\" data-element_type=\"widget\" data-widget_type=\"spacer.default\">\n\t\t\t\t<div class=\"elementor-widget-container\">\n\t\t\t\t\t<div class=\"elementor-spacer\">\n\t\t\t<div class=\"elementor-spacer-inner\"><\/div>\n\t\t<\/div>\n\t\t\t\t<\/div>\n\t\t\t\t<\/div>\n\t\t\t\t<div class=\"elementor-element elementor-element-22540c7 elementor-widget elementor-widget-text-editor\" data-id=\"22540c7\" data-element_type=\"widget\" data-widget_type=\"text-editor.default\">\n\t\t\t\t<div class=\"elementor-widget-container\">\n\t\t\t\t\t<div class=\"elementor-text-editor elementor-clearfix\"><h5 style=\"text-align: JUSTIFY;\">BUCOSKI e LOPES escrit\u00f3rio de advocacia e consultoria empresarial, foca-se em ajudar o cliente de maneira \u00e9tica, honesta, objetiva, r\u00e1pida e eficaz, ponderando os riscos e os custos inerentes de cada decis\u00e3o a ser tomada e apontando o caminho a ser trilhado.<\/h5><h5>\u00a0<\/h5><h5 style=\"text-align: JUSTIFY;\">Pronto para o atendimento \u00e0 pessoas f\u00edsicas, nosso escrit\u00f3rio atua nos diversos segmentos do Direito Civil, Direito do Trabalho e Direito do Consumidor, sendo especialista em cobran\u00e7as, dilig\u00eancias locais e interestaduais.<\/h5><h5>\u00a0<\/h5><h5 style=\"text-align: JUSTIFY;\">Na esfera Empresarial, contamos com advogados de forma\u00e7\u00e3o multidisciplinares que atuam no Direito Societ\u00e1rio, auxiliando desde o momento da abertura de sua empresa, at\u00e9 a poss\u00edvel entrada no Mercado de Capitais, contando com parceiros especialistas em Direito Tribut\u00e1rio que dimensionam e ad\u00e9quam sua empresa ao melhor ambiente fiscal poss\u00edvel.<\/h5><h5>\u00a0<\/h5><h5 style=\"text-align: JUSTIFY;\">Prestamos assessoramento na \u00e1rea de Direito Criminal Empresarial. Atuando quando da Lide j\u00e1 instaurada, mas principalmente contribuindo de forma preventiva, orientando nossos clientes ao perfeito enquadramento legal vigente, para que o simples desconhecimento n\u00e3o incida em delito.<\/h5><h5>\u00a0<\/h5><h5 style=\"text-align: JUSTIFY;\">Analisar o que \u00e9 oportuno e rent\u00e1vel as empresas nacionais e estrangeiras, viabilizando uma forma administrativa moderna, pautada na redu\u00e7\u00e3o de custos com a conseq\u00fcente maximiza\u00e7\u00e3o dos resultados.<\/h5><h5>\u00a0<\/h5><h5 style=\"text-align: JUSTIFY;\">Com uma estrutura comprometida no cliente, viabilizamos corte dos custos das organiza\u00e7\u00f5es, acostumadas em manter profissionais especializados para cada esp\u00e9cie de demanda, e para tanto, possu\u00edmos representa\u00e7\u00e3o nos principais Estados proporcionando maior agilidade na resolu\u00e7\u00e3o de conflitos.<\/h5><h5>\u00a0<\/h5><h5 style=\"text-align: JUSTIFY;\">Profissionais experientes e multidisciplinares, com vis\u00e3o ampla e integrada do micro ambiente empresarial ao macro ambiente econ\u00f4mico, onde uma situa\u00e7\u00e3o desfavor\u00e1vel em algum lugar do globo pode inviabilizar um projeto de expans\u00e3o, ou se tornar em uma oportunidade de crescimento de mercado. Atuando sempre com rapidez e efici\u00eancia, prevendo as varia\u00e7\u00f5es e estabelecendo quais as vantagens de cada neg\u00f3cio ou incorpora\u00e7\u00e3o.<\/h5><h5>\u00a0<\/h5><h5 style=\"text-align: JUSTIFY;\">Anos de atividade proporcionaram o conhecimento e a compet\u00eancia para resolver pend\u00eancias administrativas em todas as esferas da federa\u00e7\u00e3o, servindo como ponte segura \u00e0 resolu\u00e7\u00e3o de problemas legais e \u00e0 intermedia\u00e7\u00e3o junto \u00e0 autoridade competente para a implanta\u00e7\u00e3o de investimentos que demandem de in\u00fameras licen\u00e7as.<\/h5><h5>\u00a0<\/h5><h5 style=\"text-align: JUSTIFY;\">Hoje, oferecemos aos nossos clientes o que h\u00e1 na vanguarda de teses e teorias jur\u00eddicas visando a restitui\u00e7\u00e3o de impostos, taxas e contribui\u00e7\u00f5es, planejamento tribut\u00e1rio, e assessoramento para a inser\u00e7\u00e3o no mercado de capitais, com planejamento estrat\u00e9gico capaz de tornar uma empresa regional em uma corpora\u00e7\u00e3o de alcance nacional.<\/h5><h5>\u00a0<\/h5><h5 style=\"text-align: JUSTIFY;\">Planejamento, viabilidade financeira e consultoria jur\u00eddica, s\u00e3o os tr\u00eas pilares para empreender com sucesso.<\/h5><\/div>\n\t\t\t\t<\/div>\n\t\t\t\t<\/div>\n\t\t\t\t\t<\/div>\n\t\t<\/div>\n\t\t\t\t\t\t\t<\/div>\n\t\t<\/section>\n\t\t\t\t\t\t<\/div>\n\t\t\t\t\t<\/div>\n\t\t","protected":false},"excerpt":{"rendered":"<p>BUCOSKI e LOPES escrit\u00f3rio de advocacia e consultoria empresarial, foca-se em ajudar o cliente de maneira \u00e9tica, honesta, objetiva, r\u00e1pida e eficaz, ponderando os riscos e os custos inerentes de cada decis\u00e3o a ser tomada e apontando o caminho a ser trilhado. \u00a0 Pronto para o atendimento \u00e0 pessoas f\u00edsicas, nosso escrit\u00f3rio atua nos diversos [&hellip;]<\/p>\n","protected":false},"author":1,"featured_media":0,"parent":0,"menu_order":0,"comment_status":"closed","ping_status":"closed","template":"elementor_header_footer","meta":[],"_links":{"self":[{"href":"http:\/\/www.bucoskielopes.com.br\/index.php?rest_route=\/wp\/v2\/pages\/2959"}],"collection":[{"href":"http:\/\/www.bucoskielopes.com.br\/index.php?rest_route=\/wp\/v2\/pages"}],"about":[{"href":"http:\/\/www.bucoskielopes.com.br\/index.php?rest_route=\/wp\/v2\/types\/page"}],"author":[{"embeddable":true,"href":"http:\/\/www.bucoskielopes.com.br\/index.php?rest_route=\/wp\/v2\/users\/1"}],"replies":[{"embeddable":true,"href":"http:\/\/www.bucoskielopes.com.br\/index.php?rest_route=%2Fwp%2Fv2%2Fcomments&post=2959"}],"version-history":[{"count":13,"href":"http:\/\/www.bucoskielopes.com.br\/index.php?rest_route=\/wp\/v2\/pages\/2959\/revisions"}],"predecessor-version":[{"id":3043,"href":"http:\/\/www.bucoskielopes.com.br\/index.php?rest_route=\/wp\/v2\/pages\/2959\/revisions\/3043"}],"wp:attachment":[{"href":"http:\/\/www.bucoskielopes.com.br\/index.php?rest_route=%2Fwp%2Fv2%2Fmedia&parent=2959"}],"curies":[{"name":"wp","href":"https:\/\/api.w.org\/{rel}","templated":true}]}}