{"id":2965,"date":"2021-05-12T17:06:14","date_gmt":"2021-05-12T20:06:14","guid":{"rendered":"http:\/\/www.bucoskielopes.com.br\/?page_id=2965"},"modified":"2021-05-24T15:46:34","modified_gmt":"2021-05-24T18:46:34","slug":"bio-direito-1","status":"publish","type":"page","link":"http:\/\/www.bucoskielopes.com.br\/?page_id=2965","title":{"rendered":"BIO DIREITO 1"},"content":{"rendered":"\t\t<div data-elementor-type=\"wp-page\" data-elementor-id=\"2965\" class=\"elementor elementor-2965\" data-elementor-settings=\"[]\">\n\t\t\t\t\t\t\t<div class=\"elementor-section-wrap\">\n\t\t\t\t\t\t\t<section class=\"elementor-section elementor-top-section elementor-element elementor-element-16cd928 elementor-hidden-phone elementor-section-boxed elementor-section-height-default elementor-section-height-default\" data-id=\"16cd928\" data-element_type=\"section\" data-settings=\"{&quot;background_background&quot;:&quot;classic&quot;}\">\n\t\t\t\t\t\t<div class=\"elementor-container elementor-column-gap-default\">\n\t\t\t\t\t<div class=\"elementor-column elementor-col-100 elementor-top-column elementor-element elementor-element-61261d4\" data-id=\"61261d4\" data-element_type=\"column\">\n\t\t\t<div class=\"elementor-widget-wrap elementor-element-populated\">\n\t\t\t\t\t\t\t\t<div class=\"elementor-element elementor-element-934c97b elementor-widget elementor-widget-spacer\" data-id=\"934c97b\" data-element_type=\"widget\" data-widget_type=\"spacer.default\">\n\t\t\t\t<div class=\"elementor-widget-container\">\n\t\t\t\t\t<div class=\"elementor-spacer\">\n\t\t\t<div class=\"elementor-spacer-inner\"><\/div>\n\t\t<\/div>\n\t\t\t\t<\/div>\n\t\t\t\t<\/div>\n\t\t\t\t\t<\/div>\n\t\t<\/div>\n\t\t\t\t\t\t\t<\/div>\n\t\t<\/section>\n\t\t\t\t<section class=\"elementor-section elementor-top-section elementor-element elementor-element-40bdf49 elementor-hidden-phone elementor-section-boxed elementor-section-height-default elementor-section-height-default\" data-id=\"40bdf49\" data-element_type=\"section\">\n\t\t\t\t\t\t<div class=\"elementor-container elementor-column-gap-default\">\n\t\t\t\t\t<div class=\"elementor-column elementor-col-50 elementor-top-column elementor-element elementor-element-8b82c4b\" data-id=\"8b82c4b\" data-element_type=\"column\">\n\t\t\t<div class=\"elementor-widget-wrap elementor-element-populated\">\n\t\t\t\t\t\t\t\t<div class=\"elementor-element elementor-element-1b87ae2 elementor-widget elementor-widget-spacer\" data-id=\"1b87ae2\" data-element_type=\"widget\" data-widget_type=\"spacer.default\">\n\t\t\t\t<div class=\"elementor-widget-container\">\n\t\t\t\t\t<div class=\"elementor-spacer\">\n\t\t\t<div class=\"elementor-spacer-inner\"><\/div>\n\t\t<\/div>\n\t\t\t\t<\/div>\n\t\t\t\t<\/div>\n\t\t\t\t<div class=\"elementor-element elementor-element-483c2ba elementor-widget elementor-widget-heading\" data-id=\"483c2ba\" data-element_type=\"widget\" data-widget_type=\"heading.default\">\n\t\t\t\t<div class=\"elementor-widget-container\">\n\t\t\t<h2 class=\"elementor-heading-title elementor-size-default\">BIO DIREITO<\/h2>\t\t<\/div>\n\t\t\t\t<\/div>\n\t\t\t\t<div class=\"elementor-element elementor-element-45bbdc2 elementor-widget elementor-widget-text-editor\" data-id=\"45bbdc2\" data-element_type=\"widget\" data-widget_type=\"text-editor.default\">\n\t\t\t\t<div class=\"elementor-widget-container\">\n\t\t\t\t\t<div class=\"elementor-text-editor elementor-clearfix\"><h5 style=\"text-align: JUSTIFY;\">As RELA\u00c7\u00d5ES INSTITUCIONAIS entre o Mercado Privado e \u00d3rg\u00e3os competentes, s\u00e3o realizadas por nossos profissionais, que possuem amplo conhecimento da legisla\u00e7\u00e3o vigente e experi\u00eancia nas tratativas com Autoridades e T\u00e9cnicos Setoriais.<\/h5><h5>\u00a0<\/h5><h5 style=\"text-align: JUSTIFY;\">Inova\u00e7\u00e3o sempre presente na din\u00e2mica produ\u00e7\u00e3o Industrial Farmac\u00eautica, requer diversos cuidados jur\u00eddicos importantes, que v\u00e3o desde o sigilo absoluto nas inven\u00e7\u00f5es, passando pelo registro no INPI \u2013 Marcas e Patentes, at\u00e9 a libera\u00e7\u00e3o do uso comercial juntos aos \u00f3rg\u00e3os competentes, como no caso em tela a ANVISA, Ag\u00eancia Nacional de Vigil\u00e2ncia Sanit\u00e1ria, criada pela Lei n\u00ba 9.782, de 26 de janeiro 1999, que \u00e9 uma autarquia sob regime especial, ou seja, uma ag\u00eancia reguladora caracterizada pela independ\u00eancia administrativa, estabilidade de seus dirigentes durante o per\u00edodo de mandato e autonomia financeira.<\/h5><h5>\u00a0<\/h5><h5 style=\"text-align: JUSTIFY;\">A Ag\u00eancia tem como campo de atua\u00e7\u00e3o n\u00e3o um setor espec\u00edfico da economia, mas todos os setores relacionados a produtos e servi\u00e7os que possam afetar a sa\u00fade da popula\u00e7\u00e3o brasileira. Sua compet\u00eancia abrange tanto a regula\u00e7\u00e3o sanit\u00e1ria quanto a regula\u00e7\u00e3o econ\u00f4mica do mercado.<\/h5><h5>\u00a0<\/h5><h5 style=\"text-align: JUSTIFY;\">Al\u00e9m da atribui\u00e7\u00e3o regulat\u00f3ria, tamb\u00e9m \u00e9 respons\u00e1vel pela coordena\u00e7\u00e3o do Sistema Nacional de Vigil\u00e2ncia Sanit\u00e1ria (SNVS), de forma integrada com outros \u00f3rg\u00e3os p\u00fablicos relacionados direta ou indiretamente ao setor sa\u00fade. Na estrutura da administra\u00e7\u00e3o p\u00fablica federal, a ANVISA encontra-se vinculada ao MINIST\u00c9RIO DA SA\u00daDE e integra o Sistema \u00danico de Sa\u00fade (SUS), absorvendo seus princ\u00edpios e diretrizes.<\/h5><h5 style=\"text-align: JUSTIFY;\">\u00a0<\/h5><\/div>\n\t\t\t\t<\/div>\n\t\t\t\t<\/div>\n\t\t\t\t\t<\/div>\n\t\t<\/div>\n\t\t\t\t<div class=\"elementor-column elementor-col-50 elementor-top-column elementor-element elementor-element-8559709\" data-id=\"8559709\" data-element_type=\"column\">\n\t\t\t<div class=\"elementor-widget-wrap elementor-element-populated\">\n\t\t\t\t\t\t\t\t<div class=\"elementor-element elementor-element-07c9141 elementor-widget elementor-widget-spacer\" data-id=\"07c9141\" data-element_type=\"widget\" data-widget_type=\"spacer.default\">\n\t\t\t\t<div class=\"elementor-widget-container\">\n\t\t\t\t\t<div class=\"elementor-spacer\">\n\t\t\t<div class=\"elementor-spacer-inner\"><\/div>\n\t\t<\/div>\n\t\t\t\t<\/div>\n\t\t\t\t<\/div>\n\t\t\t\t<div class=\"elementor-element elementor-element-11fe5ea elementor-widget elementor-widget-heading\" data-id=\"11fe5ea\" data-element_type=\"widget\" data-widget_type=\"heading.default\">\n\t\t\t\t<div class=\"elementor-widget-container\">\n\t\t\t<h2 class=\"elementor-heading-title elementor-size-default\">Precisa de auxilio, entre em contato.<\/h2>\t\t<\/div>\n\t\t\t\t<\/div>\n\t\t\t\t<div class=\"elementor-element elementor-element-d171f38 elementor-widget elementor-widget-text-editor\" data-id=\"d171f38\" data-element_type=\"widget\" data-widget_type=\"text-editor.default\">\n\t\t\t\t<div class=\"elementor-widget-container\">\n\t\t\t\t\t<div class=\"elementor-text-editor elementor-clearfix\"><h3>41 &#8211; 3018 2857<\/h3><\/div>\n\t\t\t\t<\/div>\n\t\t\t\t<\/div>\n\t\t\t\t<div class=\"elementor-element elementor-element-d241202 elementor-widget elementor-widget-text-editor\" data-id=\"d241202\" data-element_type=\"widget\" data-widget_type=\"text-editor.default\">\n\t\t\t\t<div class=\"elementor-widget-container\">\n\t\t\t\t\t<div class=\"elementor-text-editor elementor-clearfix\"><p><div role=\"form\" class=\"wpcf7\" id=\"wpcf7-f2527-o1\" lang=\"pt-BR\" dir=\"ltr\">\n<div class=\"screen-reader-response\"><p role=\"status\" aria-live=\"polite\" aria-atomic=\"true\"><\/p> <ul><\/ul><\/div>\n<form action=\"\/index.php?rest_route=%2Fwp%2Fv2%2Fpages%2F2965#wpcf7-f2527-o1\" method=\"post\" class=\"wpcf7-form init\" novalidate=\"novalidate\" data-status=\"init\">\n<div style=\"display: none;\">\n<input type=\"hidden\" name=\"_wpcf7\" value=\"2527\" \/>\n<input type=\"hidden\" name=\"_wpcf7_version\" value=\"5.4\" \/>\n<input type=\"hidden\" name=\"_wpcf7_locale\" value=\"pt_BR\" \/>\n<input type=\"hidden\" name=\"_wpcf7_unit_tag\" value=\"wpcf7-f2527-o1\" \/>\n<input type=\"hidden\" name=\"_wpcf7_container_post\" value=\"0\" \/>\n<input type=\"hidden\" name=\"_wpcf7_posted_data_hash\" value=\"\" \/>\n<\/div>\n<p><label> Nome<br \/>\n    <span class=\"wpcf7-form-control-wrap your-name\"><input type=\"text\" name=\"your-name\" value=\"\" size=\"40\" class=\"wpcf7-form-control wpcf7-text wpcf7-validates-as-required\" aria-required=\"true\" aria-invalid=\"false\" \/><\/span> <\/label><\/p>\n<p><label> Seu email<br \/>\n    <span class=\"wpcf7-form-control-wrap your-email\"><input type=\"email\" name=\"your-email\" value=\"\" size=\"40\" class=\"wpcf7-form-control wpcf7-text wpcf7-email wpcf7-validates-as-required wpcf7-validates-as-email\" aria-required=\"true\" aria-invalid=\"false\" \/><\/span> <\/label><\/p>\n<p><label> Assunto<br \/>\n    <span class=\"wpcf7-form-control-wrap your-subject\"><input type=\"text\" name=\"your-subject\" value=\"\" size=\"40\" class=\"wpcf7-form-control wpcf7-text wpcf7-validates-as-required\" aria-required=\"true\" aria-invalid=\"false\" \/><\/span> <\/label><\/p>\n<p><label> Sua mensagem (opcional)<br \/>\n    <span class=\"wpcf7-form-control-wrap your-message\"><textarea name=\"your-message\" cols=\"40\" rows=\"10\" class=\"wpcf7-form-control wpcf7-textarea\" aria-invalid=\"false\"><\/textarea><\/span> <\/label><\/p>\n<p><input type=\"submit\" value=\"Enviar\" class=\"wpcf7-form-control wpcf7-submit\" \/><\/p>\n<div class=\"wpcf7-response-output\" aria-hidden=\"true\"><\/div><\/form><\/div><\/p><\/div>\n\t\t\t\t<\/div>\n\t\t\t\t<\/div>\n\t\t\t\t\t<\/div>\n\t\t<\/div>\n\t\t\t\t\t\t\t<\/div>\n\t\t<\/section>\n\t\t\t\t<section class=\"elementor-section elementor-top-section elementor-element elementor-element-c61c648 elementor-hidden-desktop elementor-hidden-tablet elementor-section-boxed elementor-section-height-default elementor-section-height-default\" data-id=\"c61c648\" data-element_type=\"section\" data-settings=\"{&quot;background_background&quot;:&quot;classic&quot;}\">\n\t\t\t\t\t\t<div class=\"elementor-container elementor-column-gap-default\">\n\t\t\t\t\t<div class=\"elementor-column elementor-col-100 elementor-top-column elementor-element elementor-element-aae23a7\" data-id=\"aae23a7\" data-element_type=\"column\">\n\t\t\t<div class=\"elementor-widget-wrap elementor-element-populated\">\n\t\t\t\t\t\t\t\t<div class=\"elementor-element elementor-element-2160033 elementor-widget elementor-widget-image\" data-id=\"2160033\" data-element_type=\"widget\" data-widget_type=\"image.default\">\n\t\t\t\t<div class=\"elementor-widget-container\">\n\t\t\t\t\t<div class=\"elementor-image\">\n\t\t\t\t\t\t\t\t\t\t<img width=\"1030\" height=\"446\" src=\"http:\/\/www.bucoskielopes.com.br\/wp-content\/uploads\/2014\/09\/farmaceutica-1030x446.jpg\" class=\"avia-img-lazy-loading-2400 attachment-large size-large\" alt=\"\" loading=\"lazy\" srcset=\"http:\/\/www.bucoskielopes.com.br\/wp-content\/uploads\/2014\/09\/farmaceutica-1030x446.jpg 1030w, http:\/\/www.bucoskielopes.com.br\/wp-content\/uploads\/2014\/09\/farmaceutica-300x130.jpg 300w, http:\/\/www.bucoskielopes.com.br\/wp-content\/uploads\/2014\/09\/farmaceutica-1500x650.jpg 1500w, http:\/\/www.bucoskielopes.com.br\/wp-content\/uploads\/2014\/09\/farmaceutica-705x305.jpg 705w, http:\/\/www.bucoskielopes.com.br\/wp-content\/uploads\/2014\/09\/farmaceutica-450x195.jpg 450w, http:\/\/www.bucoskielopes.com.br\/wp-content\/uploads\/2014\/09\/farmaceutica.jpg 1920w\" sizes=\"(max-width: 1030px) 100vw, 1030px\" \/>\t\t\t\t\t\t\t\t\t\t\t<\/div>\n\t\t\t\t<\/div>\n\t\t\t\t<\/div>\n\t\t\t\t\t<\/div>\n\t\t<\/div>\n\t\t\t\t\t\t\t<\/div>\n\t\t<\/section>\n\t\t\t\t<section class=\"elementor-section elementor-top-section elementor-element elementor-element-afe5e2d elementor-hidden-desktop elementor-hidden-tablet elementor-section-boxed elementor-section-height-default elementor-section-height-default\" data-id=\"afe5e2d\" data-element_type=\"section\">\n\t\t\t\t\t\t<div class=\"elementor-container elementor-column-gap-default\">\n\t\t\t\t\t<div class=\"elementor-column elementor-col-50 elementor-top-column elementor-element elementor-element-7cc4449\" data-id=\"7cc4449\" data-element_type=\"column\">\n\t\t\t<div class=\"elementor-widget-wrap elementor-element-populated\">\n\t\t\t\t\t\t\t\t<div class=\"elementor-element elementor-element-d846da1 elementor-widget elementor-widget-spacer\" data-id=\"d846da1\" data-element_type=\"widget\" data-widget_type=\"spacer.default\">\n\t\t\t\t<div class=\"elementor-widget-container\">\n\t\t\t\t\t<div class=\"elementor-spacer\">\n\t\t\t<div class=\"elementor-spacer-inner\"><\/div>\n\t\t<\/div>\n\t\t\t\t<\/div>\n\t\t\t\t<\/div>\n\t\t\t\t<div class=\"elementor-element elementor-element-4ded13d elementor-widget elementor-widget-heading\" data-id=\"4ded13d\" data-element_type=\"widget\" data-widget_type=\"heading.default\">\n\t\t\t\t<div class=\"elementor-widget-container\">\n\t\t\t<h2 class=\"elementor-heading-title elementor-size-default\">BIO DIREITO<\/h2>\t\t<\/div>\n\t\t\t\t<\/div>\n\t\t\t\t<div class=\"elementor-element elementor-element-0664ab2 elementor-widget elementor-widget-text-editor\" data-id=\"0664ab2\" data-element_type=\"widget\" data-widget_type=\"text-editor.default\">\n\t\t\t\t<div class=\"elementor-widget-container\">\n\t\t\t\t\t<div class=\"elementor-text-editor elementor-clearfix\"><h5 style=\"text-align: JUSTIFY;\">Inova\u00e7\u00e3o sempre presente na din\u00e2mica produ\u00e7\u00e3o Industrial Farmac\u00eautica, requer diversos cuidados jur\u00eddicos importantes, que v\u00e3o desde o sigilo absoluto nas inven\u00e7\u00f5es, passando pelo registro no INPI \u2013 Marcas e Patentes, at\u00e9 a libera\u00e7\u00e3o do uso comercial juntos aos \u00f3rg\u00e3os competentes, como no caso em tela a ANVISA, Ag\u00eancia Nacional de Vigil\u00e2ncia Sanit\u00e1ria, criada pela Lei n\u00ba 9.782, de 26 de janeiro 1999, que \u00e9 uma autarquia sob regime especial, ou seja, uma ag\u00eancia reguladora caracterizada pela independ\u00eancia administrativa, estabilidade de seus dirigentes durante o per\u00edodo de mandato e autonomia financeira.<\/h5><h5 style=\"text-align: JUSTIFY;\"><br \/>A Ag\u00eancia tem como campo de atua\u00e7\u00e3o n\u00e3o um setor espec\u00edfico da economia, mas todos os setores relacionados a produtos e servi\u00e7os que possam afetar a sa\u00fade da popula\u00e7\u00e3o brasileira. Sua compet\u00eancia abrange tanto a regula\u00e7\u00e3o sanit\u00e1ria quanto a regula\u00e7\u00e3o econ\u00f4mica do mercado.<\/h5><h5 style=\"text-align: JUSTIFY;\"><br \/>Al\u00e9m da atribui\u00e7\u00e3o regulat\u00f3ria, tamb\u00e9m \u00e9 respons\u00e1vel pela coordena\u00e7\u00e3o do Sistema Nacional de Vigil\u00e2ncia Sanit\u00e1ria (SNVS), de forma integrada com outros \u00f3rg\u00e3os p\u00fablicos relacionados direta ou indiretamente ao setor sa\u00fade. Na estrutura da administra\u00e7\u00e3o p\u00fablica federal, a ANVISA encontra-se vinculada ao MINIST\u00c9RIO DA SA\u00daDE e integra o Sistema \u00danico de Sa\u00fade (SUS), absorvendo seus princ\u00edpios e diretrizes.<\/h5><h5 style=\"text-align: JUSTIFY;\"><br \/>As RELA\u00c7\u00d5ES INSTITUCIONAIS entre o Mercado Privado e \u00d3rg\u00e3os competentes, s\u00e3o realizadas por nossos profissionais, que possuem amplo conhecimento da legisla\u00e7\u00e3o vigente e experi\u00eancia nas tratativas com Autoridades e T\u00e9cnicos Setoriais.<\/h5><\/div>\n\t\t\t\t<\/div>\n\t\t\t\t<\/div>\n\t\t\t\t\t<\/div>\n\t\t<\/div>\n\t\t\t\t<div class=\"elementor-column elementor-col-50 elementor-top-column elementor-element elementor-element-e576f35\" data-id=\"e576f35\" data-element_type=\"column\">\n\t\t\t<div class=\"elementor-widget-wrap elementor-element-populated\">\n\t\t\t\t\t\t\t\t<div class=\"elementor-element elementor-element-528d436 elementor-widget elementor-widget-spacer\" data-id=\"528d436\" data-element_type=\"widget\" data-widget_type=\"spacer.default\">\n\t\t\t\t<div class=\"elementor-widget-container\">\n\t\t\t\t\t<div class=\"elementor-spacer\">\n\t\t\t<div class=\"elementor-spacer-inner\"><\/div>\n\t\t<\/div>\n\t\t\t\t<\/div>\n\t\t\t\t<\/div>\n\t\t\t\t<div class=\"elementor-element elementor-element-faaaf29 elementor-widget elementor-widget-heading\" data-id=\"faaaf29\" data-element_type=\"widget\" data-widget_type=\"heading.default\">\n\t\t\t\t<div class=\"elementor-widget-container\">\n\t\t\t<h2 class=\"elementor-heading-title elementor-size-default\">Precisa de auxilio, entre em contato.<\/h2>\t\t<\/div>\n\t\t\t\t<\/div>\n\t\t\t\t<div class=\"elementor-element elementor-element-01687d5 elementor-widget elementor-widget-text-editor\" data-id=\"01687d5\" data-element_type=\"widget\" data-widget_type=\"text-editor.default\">\n\t\t\t\t<div class=\"elementor-widget-container\">\n\t\t\t\t\t<div class=\"elementor-text-editor elementor-clearfix\"><h3>41 &#8211; 3018 2857<\/h3><\/div>\n\t\t\t\t<\/div>\n\t\t\t\t<\/div>\n\t\t\t\t<div class=\"elementor-element elementor-element-fc12b60 elementor-widget elementor-widget-text-editor\" data-id=\"fc12b60\" data-element_type=\"widget\" data-widget_type=\"text-editor.default\">\n\t\t\t\t<div class=\"elementor-widget-container\">\n\t\t\t\t\t<div class=\"elementor-text-editor elementor-clearfix\"><p><div role=\"form\" class=\"wpcf7\" id=\"wpcf7-f2527-o2\" lang=\"pt-BR\" dir=\"ltr\">\n<div class=\"screen-reader-response\"><p role=\"status\" aria-live=\"polite\" aria-atomic=\"true\"><\/p> <ul><\/ul><\/div>\n<form action=\"\/index.php?rest_route=%2Fwp%2Fv2%2Fpages%2F2965#wpcf7-f2527-o2\" method=\"post\" class=\"wpcf7-form init\" novalidate=\"novalidate\" data-status=\"init\">\n<div style=\"display: none;\">\n<input type=\"hidden\" name=\"_wpcf7\" value=\"2527\" \/>\n<input type=\"hidden\" name=\"_wpcf7_version\" value=\"5.4\" \/>\n<input type=\"hidden\" name=\"_wpcf7_locale\" value=\"pt_BR\" \/>\n<input type=\"hidden\" name=\"_wpcf7_unit_tag\" value=\"wpcf7-f2527-o2\" \/>\n<input type=\"hidden\" name=\"_wpcf7_container_post\" value=\"0\" \/>\n<input type=\"hidden\" name=\"_wpcf7_posted_data_hash\" value=\"\" \/>\n<\/div>\n<p><label> Nome<br \/>\n    <span class=\"wpcf7-form-control-wrap your-name\"><input type=\"text\" name=\"your-name\" value=\"\" size=\"40\" class=\"wpcf7-form-control wpcf7-text wpcf7-validates-as-required\" aria-required=\"true\" aria-invalid=\"false\" \/><\/span> <\/label><\/p>\n<p><label> Seu email<br \/>\n    <span class=\"wpcf7-form-control-wrap your-email\"><input type=\"email\" name=\"your-email\" value=\"\" size=\"40\" class=\"wpcf7-form-control wpcf7-text wpcf7-email wpcf7-validates-as-required wpcf7-validates-as-email\" aria-required=\"true\" aria-invalid=\"false\" \/><\/span> <\/label><\/p>\n<p><label> Assunto<br \/>\n    <span class=\"wpcf7-form-control-wrap your-subject\"><input type=\"text\" name=\"your-subject\" value=\"\" size=\"40\" class=\"wpcf7-form-control wpcf7-text wpcf7-validates-as-required\" aria-required=\"true\" aria-invalid=\"false\" \/><\/span> <\/label><\/p>\n<p><label> Sua mensagem (opcional)<br \/>\n    <span class=\"wpcf7-form-control-wrap your-message\"><textarea name=\"your-message\" cols=\"40\" rows=\"10\" class=\"wpcf7-form-control wpcf7-textarea\" aria-invalid=\"false\"><\/textarea><\/span> <\/label><\/p>\n<p><input type=\"submit\" value=\"Enviar\" class=\"wpcf7-form-control wpcf7-submit\" \/><\/p>\n<div class=\"wpcf7-response-output\" aria-hidden=\"true\"><\/div><\/form><\/div><\/p><\/div>\n\t\t\t\t<\/div>\n\t\t\t\t<\/div>\n\t\t\t\t\t<\/div>\n\t\t<\/div>\n\t\t\t\t\t\t\t<\/div>\n\t\t<\/section>\n\t\t\t\t\t\t<\/div>\n\t\t\t\t\t<\/div>\n\t\t","protected":false},"excerpt":{"rendered":"<p>BIO DIREITO As RELA\u00c7\u00d5ES INSTITUCIONAIS entre o Mercado Privado e \u00d3rg\u00e3os competentes, s\u00e3o realizadas por nossos profissionais, que possuem amplo conhecimento da legisla\u00e7\u00e3o vigente e experi\u00eancia nas tratativas com Autoridades e T\u00e9cnicos Setoriais. \u00a0 Inova\u00e7\u00e3o sempre presente na din\u00e2mica produ\u00e7\u00e3o Industrial Farmac\u00eautica, requer diversos cuidados jur\u00eddicos importantes, que v\u00e3o desde o sigilo absoluto nas inven\u00e7\u00f5es, [&hellip;]<\/p>\n","protected":false},"author":1,"featured_media":0,"parent":0,"menu_order":0,"comment_status":"closed","ping_status":"closed","template":"elementor_header_footer","meta":[],"_links":{"self":[{"href":"http:\/\/www.bucoskielopes.com.br\/index.php?rest_route=\/wp\/v2\/pages\/2965"}],"collection":[{"href":"http:\/\/www.bucoskielopes.com.br\/index.php?rest_route=\/wp\/v2\/pages"}],"about":[{"href":"http:\/\/www.bucoskielopes.com.br\/index.php?rest_route=\/wp\/v2\/types\/page"}],"author":[{"embeddable":true,"href":"http:\/\/www.bucoskielopes.com.br\/index.php?rest_route=\/wp\/v2\/users\/1"}],"replies":[{"embeddable":true,"href":"http:\/\/www.bucoskielopes.com.br\/index.php?rest_route=%2Fwp%2Fv2%2Fcomments&post=2965"}],"version-history":[{"count":7,"href":"http:\/\/www.bucoskielopes.com.br\/index.php?rest_route=\/wp\/v2\/pages\/2965\/revisions"}],"predecessor-version":[{"id":3029,"href":"http:\/\/www.bucoskielopes.com.br\/index.php?rest_route=\/wp\/v2\/pages\/2965\/revisions\/3029"}],"wp:attachment":[{"href":"http:\/\/www.bucoskielopes.com.br\/index.php?rest_route=%2Fwp%2Fv2%2Fmedia&parent=2965"}],"curies":[{"name":"wp","href":"https:\/\/api.w.org\/{rel}","templated":true}]}}